{"id":360,"date":"2019-10-06T15:55:28","date_gmt":"2019-10-06T19:55:28","guid":{"rendered":"http:\/\/lafabricarquitectos.com\/?page_id=360"},"modified":"2020-02-02T16:41:13","modified_gmt":"2020-02-02T20:41:13","slug":"que-hacemos","status":"publish","type":"page","link":"http:\/\/lafabricarquitectos.com\/?page_id=360","title":{"rendered":"Que Hacemos"},"content":{"rendered":"\n<figure class=\"wp-block-image size-large\"><img loading=\"lazy\" decoding=\"async\" width=\"1024\" height=\"702\" src=\"http:\/\/lafabricarquitectos.com\/wp-content\/uploads\/2020\/02\/LA-COLINA-panoramica-1024x702.jpg\" alt=\"\" class=\"wp-image-526\" srcset=\"http:\/\/lafabricarquitectos.com\/wp-content\/uploads\/2020\/02\/LA-COLINA-panoramica-1024x702.jpg 1024w, http:\/\/lafabricarquitectos.com\/wp-content\/uploads\/2020\/02\/LA-COLINA-panoramica-300x206.jpg 300w, http:\/\/lafabricarquitectos.com\/wp-content\/uploads\/2020\/02\/LA-COLINA-panoramica-768x526.jpg 768w, http:\/\/lafabricarquitectos.com\/wp-content\/uploads\/2020\/02\/LA-COLINA-panoramica.jpg 1500w\" sizes=\"auto, (max-width: 1024px) 100vw, 1024px\" \/><\/figure>\n\n\n\n<h2 class=\"wp-block-heading\">Proyecto Arquitectonico<\/h2>\n\n\n\n<p>Dentro de La Fabrica Arquitectos, el Proyecto Arquitect\u00f3nico es el coraz\u00f3n mismo de los servicios que pone a disposici\u00f3n de los usuarios. Tiene como principal objetivo, la producci\u00f3n de proyectos de <em>alta gama,<\/em> siendo la premisa, mantener unos altos est\u00e1ndares de calidad que abarcan desde el estudio de idea\u00a0 y factibilidad, el ante proyecto arquitect\u00f3nico, el proyecto ejecutivo que, gestiona, dirige y brinda el apoyo de todos los servicios de ingenier\u00edas y dem\u00e1s profesionales. A su vez, entre los principios de la F\u00e1brica Arquitectos est\u00e1, proveer dentro de sus servicios de proyecto, su adecuaci\u00f3n a la idea de sustentabilidad y la visi\u00f3n hol\u00edstica de la relaci\u00f3n entre la arquitectura y paisaje.<\/p>\n\n\n\n<figure class=\"wp-block-image size-large\"><img loading=\"lazy\" decoding=\"async\" width=\"1024\" height=\"768\" src=\"http:\/\/lafabricarquitectos.com\/wp-content\/uploads\/2020\/02\/obra-1024x768.jpg\" alt=\"\" class=\"wp-image-527\" srcset=\"http:\/\/lafabricarquitectos.com\/wp-content\/uploads\/2020\/02\/obra-1024x768.jpg 1024w, http:\/\/lafabricarquitectos.com\/wp-content\/uploads\/2020\/02\/obra-300x225.jpg 300w, http:\/\/lafabricarquitectos.com\/wp-content\/uploads\/2020\/02\/obra-768x576.jpg 768w, http:\/\/lafabricarquitectos.com\/wp-content\/uploads\/2020\/02\/obra.jpg 1500w\" sizes=\"auto, (max-width: 1024px) 100vw, 1024px\" \/><\/figure>\n\n\n\n<h2 class=\"wp-block-heading\">Construccion y Gestion de Obras<\/h2>\n\n\n\n<p>Llevar a cabo lo proyectado, hacer tangibles los deseos y sue\u00f1os de nuestros clientes, presentes en sus obras e inversiones, ser\u00e1 tan importante para La F\u00e1brica Arquitectos, como el buen dise\u00f1o que les dio vida. De esta manera, otro de los servicios que brindamos dentro de nuestra empresa, es la construcci\u00f3n y gesti\u00f3n de obras, siempre acompa\u00f1ados del mejor equipo de trabajo propio, formado y especializado en cada una de las ramas que maneja la construcci\u00f3n. As\u00ed, eliminar el riesgo y sembrar confianza, a trav\u00e9s del manejo cercano, correcto y personalizado de nuestros servicios de construcci\u00f3n, ser\u00e1 nuestra virtud como profesionales del ramo.<\/p>\n\n\n\n<figure class=\"wp-block-image size-large\"><img loading=\"lazy\" decoding=\"async\" width=\"1024\" height=\"498\" src=\"http:\/\/lafabricarquitectos.com\/wp-content\/uploads\/2020\/02\/20190623_190213-1024x498.jpg\" alt=\"\" class=\"wp-image-525\" srcset=\"http:\/\/lafabricarquitectos.com\/wp-content\/uploads\/2020\/02\/20190623_190213-1024x498.jpg 1024w, http:\/\/lafabricarquitectos.com\/wp-content\/uploads\/2020\/02\/20190623_190213-300x146.jpg 300w, http:\/\/lafabricarquitectos.com\/wp-content\/uploads\/2020\/02\/20190623_190213-768x373.jpg 768w, http:\/\/lafabricarquitectos.com\/wp-content\/uploads\/2020\/02\/20190623_190213.jpg 1500w\" sizes=\"auto, (max-width: 1024px) 100vw, 1024px\" \/><\/figure>\n\n\n\n<h2 class=\"wp-block-heading\">Fabricacion<\/h2>\n\n\n\n<p>Desde nuestros inicios, la carpinter\u00eda y fabricaci\u00f3n de mobiliario, es una de las puntas de lanza de nuestro trabajo, brindando un servicio de apoyo integral al proyecto arquitect\u00f3nico, que cierra de esta manera el ciclo total de obras. La Fabrica Arquitectos, cuenta as\u00ed, con un equipo propio de profesionales de la carpinter\u00eda y el dise\u00f1o interior de mobiliario, que adem\u00e1s de crear un cat\u00e1logo total de los distintos m\u00f3dulos que comprende el amoblado interior del hogar, lugares de trabajo, como de proyectos de esparcimiento en general. Esto facilita la oportunidad, de llevar a cabo la personalizaci\u00f3n y exclusividad en el dise\u00f1o de piezas adaptadas a las necesidades reales del cliente. <\/p>\n","protected":false},"excerpt":{"rendered":"<p>Proyecto Arquitectonico Dentro de La Fabrica Arquitectos, el Proyecto Arquitect\u00f3nico es el coraz\u00f3n mismo de los servicios que pone a disposici\u00f3n de los usuarios. Tiene como principal objetivo, la producci\u00f3n de proyectos de alta gama, siendo la premisa, mantener unos altos est\u00e1ndares de calidad que abarcan desde el estudio de idea\u00a0 y factibilidad, el ante [&hellip;]<\/p>\n","protected":false},"author":1,"featured_media":0,"parent":0,"menu_order":0,"comment_status":"closed","ping_status":"closed","template":"","meta":{"footnotes":""},"class_list":["post-360","page","type-page","status-publish","hentry"],"_links":{"self":[{"href":"http:\/\/lafabricarquitectos.com\/index.php?rest_route=\/wp\/v2\/pages\/360","targetHints":{"allow":["GET"]}}],"collection":[{"href":"http:\/\/lafabricarquitectos.com\/index.php?rest_route=\/wp\/v2\/pages"}],"about":[{"href":"http:\/\/lafabricarquitectos.com\/index.php?rest_route=\/wp\/v2\/types\/page"}],"author":[{"embeddable":true,"href":"http:\/\/lafabricarquitectos.com\/index.php?rest_route=\/wp\/v2\/users\/1"}],"replies":[{"embeddable":true,"href":"http:\/\/lafabricarquitectos.com\/index.php?rest_route=%2Fwp%2Fv2%2Fcomments&post=360"}],"version-history":[{"count":4,"href":"http:\/\/lafabricarquitectos.com\/index.php?rest_route=\/wp\/v2\/pages\/360\/revisions"}],"predecessor-version":[{"id":529,"href":"http:\/\/lafabricarquitectos.com\/index.php?rest_route=\/wp\/v2\/pages\/360\/revisions\/529"}],"wp:attachment":[{"href":"http:\/\/lafabricarquitectos.com\/index.php?rest_route=%2Fwp%2Fv2%2Fmedia&parent=360"}],"curies":[{"name":"wp","href":"https:\/\/api.w.org\/{rel}","templated":true}]}}