{"id":331,"date":"2019-10-06T10:17:25","date_gmt":"2019-10-06T14:17:25","guid":{"rendered":"http:\/\/lafabricarquitectos.com\/?page_id=331"},"modified":"2023-03-31T15:31:03","modified_gmt":"2023-03-31T19:31:03","slug":"equipo","status":"publish","type":"page","link":"http:\/\/lafabricarquitectos.com\/?page_id=331","title":{"rendered":"Equipo Proyecto"},"content":{"rendered":"\n<p> <\/p>\n\n\n\n<div class=\"wp-block-media-text alignwide has-media-on-the-right is-stacked-on-mobile\"><div class=\"wp-block-media-text__content\">\n<h3 class=\"wp-block-heading\">Carlos Colmenarez<\/h3>\n\n\n\n<p><\/p>\n<\/div><figure class=\"wp-block-media-text__media\"><img loading=\"lazy\" decoding=\"async\" width=\"1024\" height=\"478\" src=\"http:\/\/lafabricarquitectos.com\/wp-content\/uploads\/2023\/03\/CARLOS-1024x478.jpg\" alt=\"\" class=\"wp-image-1520 size-full\" srcset=\"http:\/\/lafabricarquitectos.com\/wp-content\/uploads\/2023\/03\/CARLOS-1024x478.jpg 1024w, http:\/\/lafabricarquitectos.com\/wp-content\/uploads\/2023\/03\/CARLOS-300x140.jpg 300w, http:\/\/lafabricarquitectos.com\/wp-content\/uploads\/2023\/03\/CARLOS-768x358.jpg 768w, http:\/\/lafabricarquitectos.com\/wp-content\/uploads\/2023\/03\/CARLOS.jpg 1280w\" sizes=\"auto, (max-width: 1024px) 100vw, 1024px\" \/><\/figure><\/div>\n\n\n\n<hr id=\"gustavoa\" class=\"wp-block-separator\">\n\n\n\n<div class=\"wp-block-media-text alignwide is-stacked-on-mobile\"><figure class=\"wp-block-media-text__media\"><img loading=\"lazy\" decoding=\"async\" width=\"1024\" height=\"478\" src=\"http:\/\/lafabricarquitectos.com\/wp-content\/uploads\/2023\/03\/MARIA-JOSE-1024x478.jpg\" alt=\"\" class=\"wp-image-1546 size-full\" srcset=\"http:\/\/lafabricarquitectos.com\/wp-content\/uploads\/2023\/03\/MARIA-JOSE-1024x478.jpg 1024w, http:\/\/lafabricarquitectos.com\/wp-content\/uploads\/2023\/03\/MARIA-JOSE-300x140.jpg 300w, http:\/\/lafabricarquitectos.com\/wp-content\/uploads\/2023\/03\/MARIA-JOSE-768x358.jpg 768w, http:\/\/lafabricarquitectos.com\/wp-content\/uploads\/2023\/03\/MARIA-JOSE.jpg 1280w\" sizes=\"auto, (max-width: 1024px) 100vw, 1024px\" \/><\/figure><div class=\"wp-block-media-text__content\">\n<h3 class=\"wp-block-heading\">Mar\u00eda Jos\u00e9 Mel\u00e9ndez<\/h3>\n\n\n<\/div><\/div>\n\n\n\n<hr id=\"miguela\" class=\"wp-block-separator\">\n\n\n\n<div class=\"wp-block-media-text alignwide has-media-on-the-right is-stacked-on-mobile\"><div class=\"wp-block-media-text__content\">\n<h3 class=\"wp-block-heading\">Miguel Campos<\/h3>\n\n\n\n<p><\/p>\n<\/div><figure class=\"wp-block-media-text__media\"><img loading=\"lazy\" decoding=\"async\" width=\"1024\" height=\"478\" src=\"http:\/\/lafabricarquitectos.com\/wp-content\/uploads\/2023\/03\/Imagen-de-WhatsApp-2023-03-13-a-las-10.51.31-1024x478.jpg\" alt=\"\" class=\"wp-image-1518 size-full\" srcset=\"http:\/\/lafabricarquitectos.com\/wp-content\/uploads\/2023\/03\/Imagen-de-WhatsApp-2023-03-13-a-las-10.51.31-1024x478.jpg 1024w, http:\/\/lafabricarquitectos.com\/wp-content\/uploads\/2023\/03\/Imagen-de-WhatsApp-2023-03-13-a-las-10.51.31-300x140.jpg 300w, http:\/\/lafabricarquitectos.com\/wp-content\/uploads\/2023\/03\/Imagen-de-WhatsApp-2023-03-13-a-las-10.51.31-768x358.jpg 768w, http:\/\/lafabricarquitectos.com\/wp-content\/uploads\/2023\/03\/Imagen-de-WhatsApp-2023-03-13-a-las-10.51.31.jpg 1280w\" sizes=\"auto, (max-width: 1024px) 100vw, 1024px\" \/><\/figure><\/div>\n\n\n\n<hr id=\"mariaa\" class=\"wp-block-separator\">\n\n\n\n<div class=\"wp-block-media-text alignwide is-stacked-on-mobile\"><figure class=\"wp-block-media-text__media\"><img loading=\"lazy\" decoding=\"async\" width=\"1024\" height=\"478\" src=\"http:\/\/lafabricarquitectos.com\/wp-content\/uploads\/2023\/03\/MARIA-1024x478.jpg\" alt=\"\" class=\"wp-image-1521 size-full\" srcset=\"http:\/\/lafabricarquitectos.com\/wp-content\/uploads\/2023\/03\/MARIA-1024x478.jpg 1024w, http:\/\/lafabricarquitectos.com\/wp-content\/uploads\/2023\/03\/MARIA-300x140.jpg 300w, http:\/\/lafabricarquitectos.com\/wp-content\/uploads\/2023\/03\/MARIA-768x358.jpg 768w, http:\/\/lafabricarquitectos.com\/wp-content\/uploads\/2023\/03\/MARIA.jpg 1280w\" sizes=\"auto, (max-width: 1024px) 100vw, 1024px\" \/><\/figure><div class=\"wp-block-media-text__content\">\n<h3 class=\"wp-block-heading\">Mar\u00eda Segovia<\/h3>\n\n\n\n<p><\/p>\n<\/div><\/div>\n\n\n\n<hr id=\"italyra\" class=\"wp-block-separator\">\n\n\n\n<div class=\"wp-block-media-text alignwide has-media-on-the-right is-stacked-on-mobile\" style=\"grid-template-columns:auto 49%\"><div class=\"wp-block-media-text__content\">\n<h3 class=\"wp-block-heading\">Nacary Torres<\/h3>\n\n\n\n<p><\/p>\n<\/div><figure class=\"wp-block-media-text__media\"><img loading=\"lazy\" decoding=\"async\" width=\"1024\" height=\"478\" src=\"http:\/\/lafabricarquitectos.com\/wp-content\/uploads\/2023\/03\/NACARY-1024x478.jpg\" alt=\"\" class=\"wp-image-1519 size-full\" srcset=\"http:\/\/lafabricarquitectos.com\/wp-content\/uploads\/2023\/03\/NACARY-1024x478.jpg 1024w, http:\/\/lafabricarquitectos.com\/wp-content\/uploads\/2023\/03\/NACARY-300x140.jpg 300w, http:\/\/lafabricarquitectos.com\/wp-content\/uploads\/2023\/03\/NACARY-768x358.jpg 768w, http:\/\/lafabricarquitectos.com\/wp-content\/uploads\/2023\/03\/NACARY.jpg 1280w\" sizes=\"auto, (max-width: 1024px) 100vw, 1024px\" \/><\/figure><\/div>\n\n\n\n<hr id=\"melissaa\" class=\"wp-block-separator\">\n\n\n\n<div class=\"wp-block-media-text alignwide is-stacked-on-mobile\"><figure class=\"wp-block-media-text__media\"><img loading=\"lazy\" decoding=\"async\" width=\"1024\" height=\"478\" src=\"http:\/\/lafabricarquitectos.com\/wp-content\/uploads\/2023\/03\/NATALIA-1024x478.jpg\" alt=\"\" class=\"wp-image-1522 size-full\" srcset=\"http:\/\/lafabricarquitectos.com\/wp-content\/uploads\/2023\/03\/NATALIA-1024x478.jpg 1024w, http:\/\/lafabricarquitectos.com\/wp-content\/uploads\/2023\/03\/NATALIA-300x140.jpg 300w, http:\/\/lafabricarquitectos.com\/wp-content\/uploads\/2023\/03\/NATALIA-768x358.jpg 768w, http:\/\/lafabricarquitectos.com\/wp-content\/uploads\/2023\/03\/NATALIA.jpg 1280w\" sizes=\"auto, (max-width: 1024px) 100vw, 1024px\" \/><\/figure><div class=\"wp-block-media-text__content\">\n<h3 class=\"wp-block-heading\">Natalia Aguilar<\/h3>\n\n\n\n<p><\/p>\n<\/div><\/div>\n\n\n\n<hr id=\"cesara\" class=\"wp-block-separator\">\n\n\n\n<div class=\"wp-block-media-text alignwide has-media-on-the-right is-stacked-on-mobile\"><div class=\"wp-block-media-text__content\">\n<h3 class=\"wp-block-heading\">Cesar Figueroa<\/h3>\n\n\n\n<p><\/p>\n<\/div><figure class=\"wp-block-media-text__media\"><img loading=\"lazy\" decoding=\"async\" width=\"1024\" height=\"478\" src=\"http:\/\/lafabricarquitectos.com\/wp-content\/uploads\/2023\/03\/CESAR-1024x478.jpg\" alt=\"\" class=\"wp-image-1517 size-full\" srcset=\"http:\/\/lafabricarquitectos.com\/wp-content\/uploads\/2023\/03\/CESAR-1024x478.jpg 1024w, http:\/\/lafabricarquitectos.com\/wp-content\/uploads\/2023\/03\/CESAR-300x140.jpg 300w, http:\/\/lafabricarquitectos.com\/wp-content\/uploads\/2023\/03\/CESAR-768x358.jpg 768w, http:\/\/lafabricarquitectos.com\/wp-content\/uploads\/2023\/03\/CESAR.jpg 1280w\" sizes=\"auto, (max-width: 1024px) 100vw, 1024px\" \/><\/figure><\/div>\n\n\n\n<p><\/p>\n\n\n\n<div class=\"wp-block-media-text alignwide is-stacked-on-mobile\"><figure class=\"wp-block-media-text__media\"><img loading=\"lazy\" decoding=\"async\" width=\"1000\" height=\"467\" src=\"http:\/\/lafabricarquitectos.com\/wp-content\/uploads\/2023\/03\/Imagen-de-WhatsApp-2023-03-30-a-las-16.31.55.jpg\" alt=\"\" class=\"wp-image-1564 size-full\" srcset=\"http:\/\/lafabricarquitectos.com\/wp-content\/uploads\/2023\/03\/Imagen-de-WhatsApp-2023-03-30-a-las-16.31.55.jpg 1000w, http:\/\/lafabricarquitectos.com\/wp-content\/uploads\/2023\/03\/Imagen-de-WhatsApp-2023-03-30-a-las-16.31.55-300x140.jpg 300w, http:\/\/lafabricarquitectos.com\/wp-content\/uploads\/2023\/03\/Imagen-de-WhatsApp-2023-03-30-a-las-16.31.55-768x359.jpg 768w\" sizes=\"auto, (max-width: 1000px) 100vw, 1000px\" \/><\/figure><div class=\"wp-block-media-text__content\">\n<h3 class=\"wp-block-heading\">Mar\u00eda Fernanda Rodr\u00edguez<\/h3>\n\n\n\n<p><\/p>\n<\/div><\/div>\n","protected":false},"excerpt":{"rendered":"<p>Carlos Colmenarez Mar\u00eda Jos\u00e9 Mel\u00e9ndez Miguel Campos Mar\u00eda Segovia Nacary Torres Natalia Aguilar Cesar Figueroa Mar\u00eda Fernanda Rodr\u00edguez<\/p>\n","protected":false},"author":1,"featured_media":0,"parent":545,"menu_order":0,"comment_status":"closed","ping_status":"closed","template":"template_equipo_proyecto.php","meta":{"footnotes":""},"class_list":["post-331","page","type-page","status-publish","hentry"],"_links":{"self":[{"href":"http:\/\/lafabricarquitectos.com\/index.php?rest_route=\/wp\/v2\/pages\/331","targetHints":{"allow":["GET"]}}],"collection":[{"href":"http:\/\/lafabricarquitectos.com\/index.php?rest_route=\/wp\/v2\/pages"}],"about":[{"href":"http:\/\/lafabricarquitectos.com\/index.php?rest_route=\/wp\/v2\/types\/page"}],"author":[{"embeddable":true,"href":"http:\/\/lafabricarquitectos.com\/index.php?rest_route=\/wp\/v2\/users\/1"}],"replies":[{"embeddable":true,"href":"http:\/\/lafabricarquitectos.com\/index.php?rest_route=%2Fwp%2Fv2%2Fcomments&post=331"}],"version-history":[{"count":15,"href":"http:\/\/lafabricarquitectos.com\/index.php?rest_route=\/wp\/v2\/pages\/331\/revisions"}],"predecessor-version":[{"id":1565,"href":"http:\/\/lafabricarquitectos.com\/index.php?rest_route=\/wp\/v2\/pages\/331\/revisions\/1565"}],"up":[{"embeddable":true,"href":"http:\/\/lafabricarquitectos.com\/index.php?rest_route=\/wp\/v2\/pages\/545"}],"wp:attachment":[{"href":"http:\/\/lafabricarquitectos.com\/index.php?rest_route=%2Fwp%2Fv2%2Fmedia&parent=331"}],"curies":[{"name":"wp","href":"https:\/\/api.w.org\/{rel}","templated":true}]}}